{"id":23,"date":"2021-03-04T16:32:54","date_gmt":"2021-03-04T15:32:54","guid":{"rendered":"http:\/\/www.participaaction.interaaction.com\/?page_id=23"},"modified":"2025-11-24T13:15:58","modified_gmt":"2025-11-24T12:15:58","slug":"creez-votre-site-avec-des-blocs","status":"publish","type":"page","link":"https:\/\/www.participaaction.interaaction.com\/","title":{"rendered":"ParticipAACtion"},"content":{"rendered":"\n<h4 class=\"has-text-align-wide alignwide\" style=\"line-height:1.3;font-size:50px\">D\u00e9crire la communication des personnes qui ne peuvent pas s&#8217;exprimer par la parole<\/h4>\n\n\n\n<p class=\"has-extra-small-font-size\">ParticipAACtion est un projet de recherche qui vise \u00e0 r\u00e9pertorier les modalit\u00e9s et les comp\u00e9tences communicatives des personnes en situation de handicap complexe, associant des d\u00e9ficits perceptifs, moteurs et cognitifs. Ces d\u00e9ficits peuvent avoir des origines multiples et affectent la production de la parole ainsi que sa perception. Parfois les personnes ne peuvent pas du tout parler ou bien en de\u00e7\u00e0 de ce qu&#8217;elles voudraient et auraient la capacit\u00e9 \u00e0 dire. <strong>Afin de permettre \u00e0 ces personnes de s&#8217;exprimer, il est indispensable que l&#8217;environnement s&#8217;adapte et mette en place des outils et des m\u00e9thodes de communication adapt\u00e9s. On parle de <a href=\"http:\/\/www.participaaction.interaaction.com\/index.php\/la-caa\/\">Communication Augment\u00e9e et Alternative (CAA)<\/a><\/strong>.<\/p>\n\n\n\n<p class=\"has-extra-small-font-size\">Aujourd&#8217;hui la CAA est encore sous-utilis\u00e9e et nous manquons de connaissances en ce qui concerne les comp\u00e9tences des personnes concern\u00e9es, particuli\u00e8rement quand ces personnes ont \u00e9t\u00e9 diagnostiqu\u00e9es d&#8217;une d\u00e9ficience intellectuelle importante. Pendant longtemps, ces personnes ont \u00e9t\u00e9 exclues de l&#8217;acc\u00e8s \u00e0 la CAA. Encore aujourd&#8217;hui, on pense trop souvent que la personne doit faire preuve de certaines comp\u00e9tences avant d&#8217;utiliser des alternatives \u00e0 la parole.<\/p>\n\n\n\n<p><strong>La recherche internationale et l&#8217;exp\u00e9rience des aidant\u00b7e\u00b7s sugg\u00e8rent que c&#8217;est l&#8217;usage de la CAA au quotidien qui va aider la personne \u00e0 d\u00e9velopper les comp\u00e9tences en question (i.e. pointage, attention partag\u00e9e, usage de symboles etc) et qu&#8217;AUCUN pr\u00e9-requis n&#8217;est n\u00e9cessaire pour commencer l&#8217;usage de la CAA.<\/strong> <strong>De plus, le d\u00e9veloppement communicatif r\u00e9duit les troubles du comportement et favorise les apprentissages.<\/strong><\/p>\n\n\n\n<p class=\"has-extra-small-font-size\">Nos recherches bibliographiques, nous on permis de constater un manque d&#8217;observations et d&#8217;analyses de la communication des personnes concern\u00e9es en contexte : tr\u00e8s peu de recherches en sciences du langage ont \u00e9t\u00e9 d\u00e9di\u00e9es \u00e0 ces personnes. Les vid\u00e9os et les t\u00e9moignages des aidant\u00b7e\u00b7s montrent des comp\u00e9tences qui vont au del\u00e0 de ce qu&#8217;on peut trouver dans les articles de recherche qui se limitent souvent \u00e0 des \u00e9valuations sur la base de questionnaires ou des observations dans des contextes de prise en soin.<\/p>\n\n\n\n<p class=\"has-extra-small-font-size\">ParticipAACtion propose une approche participative et interdisciplinaire visant \u00e0 cr\u00e9er et analyser un corpus audio-visuel de la communication des personnes film\u00e9es dans leur quotidien par leurs proches. En effet, les limites adaptatives et le manque d\u2019observations &#8220;positives&#8221; des personnes imposent de revoir les m\u00e9thodes d\u2019investigation et d\u2019op\u00e9rer un retour \u00e0 l\u2019observation en contexte. La constitution d\u2019une base de donn\u00e9es comportementale anonyme enrichira la connaissance des comp\u00e9tences des personnes. Les analyses permettront d\u2019identifier les outils et les contextes qui favorisent la communication, de valoriser les comp\u00e9tences des personnes concern\u00e9es et des aidants. Le projet a aussi pour objectif de contribuer au d\u00e9veloppement de l\u2019usage de la CAA en France avec les personnes en situation de handicap complexe.<\/p>\n\n\n\n<p>ParticipAACtion est d&#8217;abord d\u00e9di\u00e9 \u00e0 la communication des personnes avec des handicaps dits s\u00e9v\u00e8res tel que celui induit par le syndrome d&#8217;Angelman. Cette d\u00e9marche a \u00e9t\u00e9 soutenue par la Fondation des maladies rares et<a href=\"http:\/\/www.participaaction.interaaction.com\/index.php\/a-propos-de\/\"> le projet implique diff\u00e9rents partenaires<\/a>. Cependant, les personnes avec des handicaps plus mod\u00e9r\u00e9s, comme c&#8217;est le cas de la trisomie 21 par exemple, ont aussi des difficult\u00e9s sp\u00e9cifiques avec la parole et souffrent du manque d&#8217;usage de CAA. Le choix d&#8217;un outil ou m\u00e9thode de CAA n&#8217;\u00e9tant pas li\u00e9 \u00e0 l&#8217;\u00e9tiologie du trouble mais aux comp\u00e9tences de la personne et de son environnement, il nous para\u00eet incontournable de ne pas se limiter \u00e0 un syndrome sp\u00e9cifique afin de favoriser le transfert des connaissance et l&#8217;universalisation des usages.<\/p>\n\n\n\n<div class=\"wp-block-columns\">\n<div class=\"wp-block-column\">\n<div class=\"wp-block-columns\">\n<div class=\"wp-block-column\">\n<figure class=\"wp-block-image size-large is-resized\"><a href=\"http:\/\/www.cnrs.fr\/\"><img loading=\"lazy\" src=\"http:\/\/www.participaaction.interaaction.com\/wp-content\/uploads\/2021\/03\/logo-CNRS.png\" alt=\"\" class=\"wp-image-97\" width=\"84\" height=\"84\" srcset=\"https:\/\/www.participaaction.interaaction.com\/wp-content\/uploads\/2021\/03\/logo-CNRS.png 500w, https:\/\/www.participaaction.interaaction.com\/wp-content\/uploads\/2021\/03\/logo-CNRS-300x300.png 300w, https:\/\/www.participaaction.interaaction.com\/wp-content\/uploads\/2021\/03\/logo-CNRS-150x150.png 150w\" sizes=\"(max-width: 84px) 100vw, 84px\" \/><\/a><\/figure>\n<\/div>\n\n\n\n<div class=\"wp-block-column\">\n<figure class=\"wp-block-image size-large is-resized\"><img loading=\"lazy\" src=\"http:\/\/www.participaaction.interaaction.com\/wp-content\/uploads\/2021\/03\/uga-1024x628.png\" alt=\"\" class=\"wp-image-94\" width=\"106\" height=\"65\" srcset=\"https:\/\/www.participaaction.interaaction.com\/wp-content\/uploads\/2021\/03\/uga-1024x628.png 1024w, https:\/\/www.participaaction.interaaction.com\/wp-content\/uploads\/2021\/03\/uga-300x184.png 300w, https:\/\/www.participaaction.interaaction.com\/wp-content\/uploads\/2021\/03\/uga-768x471.png 768w, https:\/\/www.participaaction.interaaction.com\/wp-content\/uploads\/2021\/03\/uga.png 1280w\" sizes=\"(max-width: 106px) 100vw, 106px\" \/><\/figure>\n<\/div>\n<\/div>\n<\/div>\n\n\n\n<div class=\"wp-block-column\">\n<div class=\"wp-block-columns\">\n<div class=\"wp-block-column\">\n<figure class=\"wp-block-image size-large\"><a href=\"http:\/\/www.gipsa-lab.fr\/\"><img loading=\"lazy\" width=\"1024\" height=\"682\" src=\"http:\/\/www.participaaction.interaaction.com\/wp-content\/uploads\/2021\/03\/gipsa-1-1024x682.png\" alt=\"\" class=\"wp-image-91\" srcset=\"https:\/\/www.participaaction.interaaction.com\/wp-content\/uploads\/2021\/03\/gipsa-1-1024x682.png 1024w, https:\/\/www.participaaction.interaaction.com\/wp-content\/uploads\/2021\/03\/gipsa-1-300x200.png 300w, https:\/\/www.participaaction.interaaction.com\/wp-content\/uploads\/2021\/03\/gipsa-1-768x512.png 768w, https:\/\/www.participaaction.interaaction.com\/wp-content\/uploads\/2021\/03\/gipsa-1.png 1151w\" sizes=\"(max-width: 1024px) 100vw, 1024px\" \/><\/a><\/figure>\n<\/div>\n\n\n\n<div class=\"wp-block-column\">\n<figure class=\"wp-block-image size-large\"><a href=\"https:\/\/www.liglab.fr\/\"><img loading=\"lazy\" width=\"650\" height=\"469\" src=\"http:\/\/www.participaaction.interaaction.com\/wp-content\/uploads\/2021\/03\/logo_couleur_LIG_2021.png\" alt=\"\" class=\"wp-image-92\" srcset=\"https:\/\/www.participaaction.interaaction.com\/wp-content\/uploads\/2021\/03\/logo_couleur_LIG_2021.png 650w, https:\/\/www.participaaction.interaaction.com\/wp-content\/uploads\/2021\/03\/logo_couleur_LIG_2021-300x216.png 300w\" sizes=\"(max-width: 650px) 100vw, 650px\" \/><\/a><\/figure>\n<\/div>\n<\/div>\n<\/div>\n<\/div>\n\n\n\n<div class=\"wp-block-columns\">\n<div class=\"wp-block-column\">\n<div class=\"wp-block-columns\">\n<div class=\"wp-block-column\">\n<figure class=\"wp-block-image size-large\"><a href=\"https:\/\/fondation-maladiesrares.org\/\"><img loading=\"lazy\" width=\"197\" height=\"139\" src=\"http:\/\/www.participaaction.interaaction.com\/wp-content\/uploads\/2021\/03\/Logo.png\" alt=\"\" class=\"wp-image-112\"\/><\/a><\/figure>\n<\/div>\n\n\n\n<div class=\"wp-block-column\">\n<figure class=\"wp-block-image size-large\"><a href=\"https:\/\/www.angelman-afsa.org\/\"><img loading=\"lazy\" width=\"418\" height=\"283\" src=\"http:\/\/www.participaaction.interaaction.com\/wp-content\/uploads\/2021\/03\/logo-afsa-2018-sans-baseline-1.png\" alt=\"\" class=\"wp-image-99\" srcset=\"https:\/\/www.participaaction.interaaction.com\/wp-content\/uploads\/2021\/03\/logo-afsa-2018-sans-baseline-1.png 418w, https:\/\/www.participaaction.interaaction.com\/wp-content\/uploads\/2021\/03\/logo-afsa-2018-sans-baseline-1-300x203.png 300w\" sizes=\"(max-width: 418px) 100vw, 418px\" \/><\/a><\/figure>\n<\/div>\n<\/div>\n<\/div>\n\n\n\n<div class=\"wp-block-column\">\n<div class=\"wp-block-columns\">\n<div class=\"wp-block-column\">\n<figure class=\"wp-block-image size-large\"><img loading=\"lazy\" width=\"346\" height=\"346\" src=\"http:\/\/www.participaaction.interaaction.com\/wp-content\/uploads\/2021\/03\/174-Handeo-CARRE-e1525881772289-1.jpg\" alt=\"\" class=\"wp-image-100\" srcset=\"https:\/\/www.participaaction.interaaction.com\/wp-content\/uploads\/2021\/03\/174-Handeo-CARRE-e1525881772289-1.jpg 346w, https:\/\/www.participaaction.interaaction.com\/wp-content\/uploads\/2021\/03\/174-Handeo-CARRE-e1525881772289-1-300x300.jpg 300w, https:\/\/www.participaaction.interaaction.com\/wp-content\/uploads\/2021\/03\/174-Handeo-CARRE-e1525881772289-1-150x150.jpg 150w\" sizes=\"(max-width: 346px) 100vw, 346px\" \/><\/figure>\n<\/div>\n\n\n\n<div class=\"wp-block-column\">\n<figure class=\"wp-block-image size-large\"><img loading=\"lazy\" width=\"261\" height=\"193\" src=\"http:\/\/www.participaaction.interaaction.com\/wp-content\/uploads\/2021\/03\/defiscience.png\" alt=\"\" class=\"wp-image-101\"\/><\/figure>\n<\/div>\n<\/div>\n<\/div>\n<\/div>\n\n\n\n<p><\/p>\n","protected":false},"excerpt":{"rendered":"<p>D\u00e9crire la communication des personnes qui ne peuvent pas s&#8217;exprimer par la parole ParticipAACtion est un projet de recherche qui vise \u00e0 r\u00e9pertorier les modalit\u00e9s et les comp\u00e9tences communicatives des personnes en situation de handicap complexe, associant des d\u00e9ficits perceptifs, moteurs et cognitifs. Ces d\u00e9ficits peuvent avoir des origines multiples et affectent la production de&hellip; <a class=\"more-link\" href=\"https:\/\/www.participaaction.interaaction.com\/\">Continue reading <span class=\"screen-reader-text\">ParticipAACtion<\/span><\/a><\/p>\n","protected":false},"author":1,"featured_media":0,"parent":0,"menu_order":0,"comment_status":"closed","ping_status":"closed","template":"","meta":[],"_links":{"self":[{"href":"https:\/\/www.participaaction.interaaction.com\/index.php\/wp-json\/wp\/v2\/pages\/23"}],"collection":[{"href":"https:\/\/www.participaaction.interaaction.com\/index.php\/wp-json\/wp\/v2\/pages"}],"about":[{"href":"https:\/\/www.participaaction.interaaction.com\/index.php\/wp-json\/wp\/v2\/types\/page"}],"author":[{"embeddable":true,"href":"https:\/\/www.participaaction.interaaction.com\/index.php\/wp-json\/wp\/v2\/users\/1"}],"replies":[{"embeddable":true,"href":"https:\/\/www.participaaction.interaaction.com\/index.php\/wp-json\/wp\/v2\/comments?post=23"}],"version-history":[{"count":29,"href":"https:\/\/www.participaaction.interaaction.com\/index.php\/wp-json\/wp\/v2\/pages\/23\/revisions"}],"predecessor-version":[{"id":433,"href":"https:\/\/www.participaaction.interaaction.com\/index.php\/wp-json\/wp\/v2\/pages\/23\/revisions\/433"}],"wp:attachment":[{"href":"https:\/\/www.participaaction.interaaction.com\/index.php\/wp-json\/wp\/v2\/media?parent=23"}],"curies":[{"name":"wp","href":"https:\/\/api.w.org\/{rel}","templated":true}]}}