{"id":240,"date":"2021-08-23T08:26:43","date_gmt":"2021-08-23T06:26:43","guid":{"rendered":"http:\/\/www.participaaction.interaaction.com\/?page_id=240"},"modified":"2021-08-23T10:31:32","modified_gmt":"2021-08-23T08:31:32","slug":"profil-pragmatique-caa","status":"publish","type":"page","link":"https:\/\/www.participaaction.interaaction.com\/index.php\/profil-pragmatique-caa\/","title":{"rendered":"Profil Pragmatique CAA"},"content":{"rendered":"\n<p>Le projet ParticipAACtion nous a permis de finaliser la traduction du Profil Pragmatique CAA que Marion et Am\u00e9lie avaient commenc\u00e9e d\u00e9but 2019.<\/p>\n\n\n\n<p><strong>Voici les fichiers :<\/strong><\/p>\n\n\n\n<p class=\"has-black-color has-purple-background-color has-text-color has-background\"><span class=\"has-inline-color has-black-color\">Le PDF :<\/span><\/p>\n\n\n\n<div class=\"wp-block-file\"><a href=\"http:\/\/www.participaaction.interaaction.com\/wp-content\/uploads\/2021\/08\/ProfilPragmatiqueCAA_MD_IM_ARC_2021_GIPSA_PARTICIPAACTION-1.pdf\">ProfilPragmatiqueCAA_MD_IM_ARC_2021_GIPSA_PARTICIPAACTION-1<\/a><a href=\"http:\/\/www.participaaction.interaaction.com\/wp-content\/uploads\/2021\/08\/ProfilPragmatiqueCAA_MD_IM_ARC_2021_GIPSA_PARTICIPAACTION-1.pdf\" class=\"wp-block-file__button\" download>Download<\/a><\/div>\n\n\n\n<p class=\"has-purple-background-color has-background\">Le WORD<\/p>\n\n\n\n<div class=\"wp-block-file\"><a href=\"http:\/\/www.participaaction.interaaction.com\/wp-content\/uploads\/2021\/08\/ProfilPragmatiqueCAA_MD_IM_ARC_2021_GIPSA_PARTICIPAACTION-1.docx\"><br>ProfilPragmatiqueCAA_MD_IM_ARC_2021_GIPSA_PARTICIPAACTION-1<\/a><a href=\"http:\/\/www.participaaction.interaaction.com\/wp-content\/uploads\/2021\/08\/ProfilPragmatiqueCAA_MD_IM_ARC_2021_GIPSA_PARTICIPAACTION-1.docx\" class=\"wp-block-file__button\" download>Download<\/a><\/div>\n\n\n\n<p><em>Si vous avez des difficult\u00e9s pour t\u00e9l\u00e9charger la version Word, cela est d\u00fb \u00e0 la s\u00e9curit\u00e9 impos\u00e9e par votre navigateur, vous pouvez nous demander la version Word par email.<\/em><\/p>\n\n\n\n<h2>Informations sur la traduction<\/h2>\n\n\n\n<p>Marion a d&#8217;abord r\u00e9alis\u00e9 une traduction tr\u00e8s proche du texte original que nous avons ensuite adapt\u00e9e via la passation \u00e0 plusieurs parents et \u00e0 travers des discussions entre nous. Ces passations et discussions nous ont permis d&#8217;adapter certains exemples et formulations.<strong><span style=\"color:#c901a8\" class=\"has-inline-color\"> <\/span><\/strong><\/p>\n\n\n\n<p><strong>La traduction a \u00e9t\u00e9 approuv\u00e9e par Suzanne Martin en Juillet 2021<\/strong>.<\/p>\n\n\n\n<p><strong>Nous avons choisi d&#8217;utiliser l&#8217;\u00e9criture inclusive .<\/strong><\/p>\n\n\n\n<p><strong>Si vous avez des remarques, constatez des erreurs, des probl\u00e8mes ou autre, n&#8217;h\u00e9sitez pas \u00e0 nous contacter !<\/strong><\/p>\n\n\n\n<p class=\"has-text-align-center\"><strong><span style=\"color:#c901a8\" class=\"has-inline-color\">Merci aux parents qui ont particip\u00e9 et qui ont contribu\u00e9 ainsi \u00e0 l&#8217;adaptation de cette traduction !<\/span><\/strong><\/p>\n\n\n\n<h2>Les passations&#8230;<\/h2>\n\n\n\n<p>ParticipAACtion a permis d&#8217;utiliser le profil avec des parents de 35 personnes en situation de handicap entre mai et juillet 2021 par visioconf\u00e9rence. Les entretiens ont \u00e9t\u00e9 r\u00e9alis\u00e9s par Isabelle Messi\u00e9, orthophoniste travaillant sur le projet.<\/p>\n\n\n\n<p> Les personnes concern\u00e9es \u00e9taient \u00e2g\u00e9es de 3 \u00e0 37 ans et pr\u00e9sentaient diff\u00e9rents syndromes cr\u00e9ant toujours d&#8217;importantes difficult\u00e9s \u00e0 communiquer. Nous avons rencontr\u00e9 diff\u00e9rents profils avec des capacit\u00e9s de communication vari\u00e9es et plusieurs participants utilisaient des ressources de communication augment\u00e9e et alternative. La plupart d&#8217;entre eux (21 personnes) avaient le syndrome d&#8217;Angelman (la premi\u00e8re partie de ParticipAACtion est centr\u00e9e sur la caract\u00e9risation de la communication de ces personnes) <strong>mais nous avons toujours besoin de participants avec d&#8217;autres syndromes pour que les outils que nous d\u00e9velopperons soient adapt\u00e9s au plus de personnes possibles.<\/strong><\/p>\n\n\n\n<p>La traduction a \u00e9t\u00e9 retravaill\u00e9e plusieurs fois en fonction des retours des participants et de nos propres observations. Certains exemples ont \u00e9t\u00e9 compl\u00e9t\u00e9s ou modifi\u00e9s.<br><\/p>\n\n\n\n<p><\/p>\n","protected":false},"excerpt":{"rendered":"<p>Le projet ParticipAACtion nous a permis de finaliser la traduction du Profil Pragmatique CAA que Marion et Am\u00e9lie avaient commenc\u00e9e d\u00e9but 2019. Voici les fichiers : Le PDF : Le WORD Si vous avez des difficult\u00e9s pour t\u00e9l\u00e9charger la version Word, cela est d\u00fb \u00e0 la s\u00e9curit\u00e9 impos\u00e9e par votre navigateur, vous pouvez nous demander&hellip; <a class=\"more-link\" href=\"https:\/\/www.participaaction.interaaction.com\/index.php\/profil-pragmatique-caa\/\">Continue reading <span class=\"screen-reader-text\">Profil Pragmatique CAA<\/span><\/a><\/p>\n","protected":false},"author":1,"featured_media":0,"parent":0,"menu_order":0,"comment_status":"closed","ping_status":"closed","template":"","meta":[],"_links":{"self":[{"href":"https:\/\/www.participaaction.interaaction.com\/index.php\/wp-json\/wp\/v2\/pages\/240"}],"collection":[{"href":"https:\/\/www.participaaction.interaaction.com\/index.php\/wp-json\/wp\/v2\/pages"}],"about":[{"href":"https:\/\/www.participaaction.interaaction.com\/index.php\/wp-json\/wp\/v2\/types\/page"}],"author":[{"embeddable":true,"href":"https:\/\/www.participaaction.interaaction.com\/index.php\/wp-json\/wp\/v2\/users\/1"}],"replies":[{"embeddable":true,"href":"https:\/\/www.participaaction.interaaction.com\/index.php\/wp-json\/wp\/v2\/comments?post=240"}],"version-history":[{"count":6,"href":"https:\/\/www.participaaction.interaaction.com\/index.php\/wp-json\/wp\/v2\/pages\/240\/revisions"}],"predecessor-version":[{"id":271,"href":"https:\/\/www.participaaction.interaaction.com\/index.php\/wp-json\/wp\/v2\/pages\/240\/revisions\/271"}],"wp:attachment":[{"href":"https:\/\/www.participaaction.interaaction.com\/index.php\/wp-json\/wp\/v2\/media?parent=240"}],"curies":[{"name":"wp","href":"https:\/\/api.w.org\/{rel}","templated":true}]}}