{"id":434,"date":"2025-11-24T13:26:31","date_gmt":"2025-11-24T12:26:31","guid":{"rendered":"http:\/\/www.participaaction.interaaction.com\/?page_id=434"},"modified":"2025-11-24T13:37:17","modified_gmt":"2025-11-24T12:37:17","slug":"ressources","status":"publish","type":"page","link":"https:\/\/www.participaaction.interaaction.com\/index.php\/ressources\/","title":{"rendered":"Ressources"},"content":{"rendered":"\n<h2>Articles<\/h2>\n\n\n\n<h3>Multimodalit\u00e9 et CAA pour les personnes avec un handicap s\u00e9v\u00e8re \u00e0 profond<\/h3>\n\n\n\n<p>Am\u00e9lie Rochet-Capellan et Isabelle Messi\u00e9  <a href=\"https:\/\/hal.science\/hal-04847660v1\">https:\/\/hal.science\/hal-04847660v1<\/a><\/p>\n\n\n\n<h2>M\u00e9moires d&#8217;orthophonie<\/h2>\n\n\n\n<h3><strong>Du Profil Pragmatique pour les Personnes Utilisant la CAA&nbsp;\u00e0 l\u2019\u00e9laboration de profils de communication&nbsp;:<br>le cas du Syndrome d\u2019Angelman<\/strong><\/h3>\n\n\n\n<p><a href=\"http:\/\/www.participaaction.interaaction.com\/wp-content\/uploads\/2025\/11\/ParticipAACtion_Memoire_Catala-Cottini.pdf\" target=\"_blank\" rel=\"noreferrer noopener\"><strong>Agn\u00e8s, CATALA-COTTINI<\/strong>, soutenu en 2022, pdf<\/a><\/p>\n\n\n\n<h3><strong>La communication des adultes avec le syndrome d\u2019Angelman : une<br>analyse de 10 profils pragmatiques incluant l\u2019usage de la<br>Communication Augment\u00e9e et Alternative<\/strong><\/h3>\n\n\n\n<p><a rel=\"noreferrer noopener\" href=\"http:\/\/www.participaaction.interaaction.com\/wp-content\/uploads\/2025\/11\/MEMOIRE-ORTHOPHONIE-DONIOL-Gwennoline.pdf\" target=\"_blank\"><strong>Gwendoline Doniol<\/strong>, soutenu en 2023, pdf<\/a><\/p>\n\n\n\n<h3>Communication multimodale et utilisation des tableaux<br>PODD chez quatre locuteurs avec le syndrome d\u2019Angelman<br>Etudes de cas multiples<\/h3>\n\n\n\n<p><a href=\"http:\/\/www.participaaction.interaaction.com\/wp-content\/uploads\/2025\/11\/22-23_memoire_Rahuel.pdf\"><strong>H\u00e9l\u00e8ne Rahuel<\/strong>, soutenu en 2023, pdf<\/a><\/p>\n","protected":false},"excerpt":{"rendered":"<p>Articles Multimodalit\u00e9 et CAA pour les personnes avec un handicap s\u00e9v\u00e8re \u00e0 profond Am\u00e9lie Rochet-Capellan et Isabelle Messi\u00e9 https:\/\/hal.science\/hal-04847660v1 M\u00e9moires d&#8217;orthophonie Du Profil Pragmatique pour les Personnes Utilisant la CAA&nbsp;\u00e0 l\u2019\u00e9laboration de profils de communication&nbsp;:le cas du Syndrome d\u2019Angelman Agn\u00e8s, CATALA-COTTINI, soutenu en 2022, pdf La communication des adultes avec le syndrome d\u2019Angelman : uneanalyse&hellip; <a class=\"more-link\" href=\"https:\/\/www.participaaction.interaaction.com\/index.php\/ressources\/\">Continue reading <span class=\"screen-reader-text\">Ressources<\/span><\/a><\/p>\n","protected":false},"author":1,"featured_media":0,"parent":0,"menu_order":0,"comment_status":"closed","ping_status":"closed","template":"","meta":[],"_links":{"self":[{"href":"https:\/\/www.participaaction.interaaction.com\/index.php\/wp-json\/wp\/v2\/pages\/434"}],"collection":[{"href":"https:\/\/www.participaaction.interaaction.com\/index.php\/wp-json\/wp\/v2\/pages"}],"about":[{"href":"https:\/\/www.participaaction.interaaction.com\/index.php\/wp-json\/wp\/v2\/types\/page"}],"author":[{"embeddable":true,"href":"https:\/\/www.participaaction.interaaction.com\/index.php\/wp-json\/wp\/v2\/users\/1"}],"replies":[{"embeddable":true,"href":"https:\/\/www.participaaction.interaaction.com\/index.php\/wp-json\/wp\/v2\/comments?post=434"}],"version-history":[{"count":7,"href":"https:\/\/www.participaaction.interaaction.com\/index.php\/wp-json\/wp\/v2\/pages\/434\/revisions"}],"predecessor-version":[{"id":447,"href":"https:\/\/www.participaaction.interaaction.com\/index.php\/wp-json\/wp\/v2\/pages\/434\/revisions\/447"}],"wp:attachment":[{"href":"https:\/\/www.participaaction.interaaction.com\/index.php\/wp-json\/wp\/v2\/media?parent=434"}],"curies":[{"name":"wp","href":"https:\/\/api.w.org\/{rel}","templated":true}]}}